{"id":10951,"date":"2019-01-23T00:55:20","date_gmt":"2019-01-23T05:55:20","guid":{"rendered":"https:\/\/rehab-u.com\/product\/low-back-fix\/"},"modified":"2021-01-15T14:14:12","modified_gmt":"2021-01-15T19:14:12","slug":"programme-reeducation-du-bas-du-dos","status":"publish","type":"product","link":"https:\/\/rehab-u.com\/fr\/product\/programme-reeducation-du-bas-du-dos\/","title":{"rendered":"Programme r\u00e9\u00e9ducation du bas du dos"},"content":{"rendered":"<p>Les douleurs au dos sont l&#8217;une des principales causes de limitation d\u2019activit\u00e9 et d&#8217;incapacit\u00e9 au travail. Quatre adultes sur cinq \u00e9prouveront au moins un \u00e9pisode de mal de dos \u00e0 un moment de leur vie. En tant qu\u2019athl\u00e8tes ou personnes actives, nous mettons encore plus de stress sur le bas du dos que l&#8217;individu s\u00e9dentaire moyen. Bien qu&#8217;une certaine incidence de la lombalgie puisse \u00eatre attribu\u00e9e \u00e0 un diagnostic r\u00e9el, jusqu&#8217;\u00e0 85 \u00e0 90% des patients pr\u00e9sentent cliniquement avec une lombalgie non sp\u00e9cifique. Cela signifie qu&#8217;il n&#8217;y a pas de cause patho anatomique pour la douleur.<\/p>\n","protected":false},"excerpt":{"rendered":"<p>Le <strong>programme r\u00e9\u00e9ducation du bas du dos<\/strong>\u00a0est con\u00e7u pour traiter les causes de douleur et de dysfonctionnement li\u00e9es au mouvement. L&#8217;approche de r\u00e9habilitation de la cha\u00eene cin\u00e9tique aborde \u00e9galement le mouvement des r\u00e9gions au-dessus et au-dessous. Le programme est divis\u00e9 en 3 phases: restauration du mouvement, accumulation et intensification, et dure 12 semaines.<\/p>\n","protected":false},"featured_media":10702,"template":"","meta":{"_acf_changed":false},"product_brand":[],"product_cat":[420],"product_tag":[],"course_language":[],"course_level":[],"course_country":[],"class_list":{"0":"post-10951","1":"product","2":"type-product","3":"status-publish","4":"has-post-thumbnail","6":"product_cat-programs","8":"first","9":"instock","10":"downloadable","11":"virtual","12":"taxable","13":"purchasable","14":"product-type-simple"},"acf":[],"yoast_head":"<!-- This site is optimized with the Yoast SEO plugin v24.6 - https:\/\/yoast.com\/wordpress\/plugins\/seo\/ -->\n<title>Rehab-U | Programme r\u00e9\u00e9ducation du bas du dos<\/title>\n<meta name=\"robots\" content=\"index, follow, max-snippet:-1, max-image-preview:large, max-video-preview:-1\" \/>\n<link rel=\"canonical\" href=\"https:\/\/rehab-u.com\/fr\/product\/programme-reeducation-du-bas-du-dos\/\" \/>\n<meta property=\"og:locale\" content=\"fr_FR\" \/>\n<meta property=\"og:type\" content=\"article\" \/>\n<meta property=\"og:title\" content=\"Rehab-U | Programme r\u00e9\u00e9ducation du bas du dos\" \/>\n<meta property=\"og:description\" content=\"Le programme r\u00e9\u00e9ducation du bas du dos\u00a0est con\u00e7u pour traiter les causes de douleur et de dysfonctionnement li\u00e9es au mouvement. L&#039;approche de r\u00e9habilitation de la cha\u00eene cin\u00e9tique aborde \u00e9galement le mouvement des r\u00e9gions au-dessus et au-dessous. Le programme est divis\u00e9 en 3 phases: restauration du mouvement, accumulation et intensification, et dure 12 semaines.\" \/>\n<meta property=\"og:url\" content=\"https:\/\/rehab-u.com\/fr\/product\/programme-reeducation-du-bas-du-dos\/\" \/>\n<meta property=\"og:site_name\" content=\"Rehab-U\" \/>\n<meta property=\"article:publisher\" content=\"https:\/\/fr-fr.facebook.com\/RehabUMovementPerformanceTherapy\/\" \/>\n<meta property=\"article:modified_time\" content=\"2021-01-15T19:14:12+00:00\" \/>\n<meta property=\"og:image\" content=\"https:\/\/rehab-u.com\/wp-content\/uploads\/2019\/01\/rehab-low-back.png\" \/>\n\t<meta property=\"og:image:width\" content=\"1010\" \/>\n\t<meta property=\"og:image:height\" content=\"1010\" \/>\n\t<meta property=\"og:image:type\" content=\"image\/png\" \/>\n<meta name=\"twitter:card\" content=\"summary_large_image\" \/>\n<script type=\"application\/ld+json\" class=\"yoast-schema-graph\">{\"@context\":\"https:\/\/schema.org\",\"@graph\":[{\"@type\":\"WebPage\",\"@id\":\"https:\/\/rehab-u.com\/fr\/product\/programme-reeducation-du-bas-du-dos\/\",\"url\":\"https:\/\/rehab-u.com\/fr\/product\/programme-reeducation-du-bas-du-dos\/\",\"name\":\"Rehab-U | Programme r\u00e9\u00e9ducation du bas du dos\",\"isPartOf\":{\"@id\":\"https:\/\/rehab-u.com\/fr\/#website\"},\"primaryImageOfPage\":{\"@id\":\"https:\/\/rehab-u.com\/fr\/product\/programme-reeducation-du-bas-du-dos\/#primaryimage\"},\"image\":{\"@id\":\"https:\/\/rehab-u.com\/fr\/product\/programme-reeducation-du-bas-du-dos\/#primaryimage\"},\"thumbnailUrl\":\"https:\/\/rehab-u.com\/wp-content\/uploads\/2019\/01\/rehab-low-back.png\",\"datePublished\":\"2019-01-23T05:55:20+00:00\",\"dateModified\":\"2021-01-15T19:14:12+00:00\",\"breadcrumb\":{\"@id\":\"https:\/\/rehab-u.com\/fr\/product\/programme-reeducation-du-bas-du-dos\/#breadcrumb\"},\"inLanguage\":\"fr-FR\",\"potentialAction\":[{\"@type\":\"ReadAction\",\"target\":[\"https:\/\/rehab-u.com\/fr\/product\/programme-reeducation-du-bas-du-dos\/\"]}]},{\"@type\":\"ImageObject\",\"inLanguage\":\"fr-FR\",\"@id\":\"https:\/\/rehab-u.com\/fr\/product\/programme-reeducation-du-bas-du-dos\/#primaryimage\",\"url\":\"https:\/\/rehab-u.com\/wp-content\/uploads\/2019\/01\/rehab-low-back.png\",\"contentUrl\":\"https:\/\/rehab-u.com\/wp-content\/uploads\/2019\/01\/rehab-low-back.png\",\"width\":1010,\"height\":1010},{\"@type\":\"BreadcrumbList\",\"@id\":\"https:\/\/rehab-u.com\/fr\/product\/programme-reeducation-du-bas-du-dos\/#breadcrumb\",\"itemListElement\":[{\"@type\":\"ListItem\",\"position\":1,\"name\":\"Home\",\"item\":\"https:\/\/rehab-u.com\/fr\/\"},{\"@type\":\"ListItem\",\"position\":2,\"name\":\"Shop\",\"item\":\"https:\/\/rehab-u.com\/shop\/\"},{\"@type\":\"ListItem\",\"position\":3,\"name\":\"Programme r\u00e9\u00e9ducation du bas du dos\"}]},{\"@type\":\"WebSite\",\"@id\":\"https:\/\/rehab-u.com\/fr\/#website\",\"url\":\"https:\/\/rehab-u.com\/fr\/\",\"name\":\"Rehab-U\",\"description\":\"Movement &amp; Performance therapy\",\"publisher\":{\"@id\":\"https:\/\/rehab-u.com\/fr\/#organization\"},\"potentialAction\":[{\"@type\":\"SearchAction\",\"target\":{\"@type\":\"EntryPoint\",\"urlTemplate\":\"https:\/\/rehab-u.com\/fr\/?s={search_term_string}\"},\"query-input\":{\"@type\":\"PropertyValueSpecification\",\"valueRequired\":true,\"valueName\":\"search_term_string\"}}],\"inLanguage\":\"fr-FR\"},{\"@type\":\"Organization\",\"@id\":\"https:\/\/rehab-u.com\/fr\/#organization\",\"name\":\"Rehab-U | Movement & Performance Therapy\",\"url\":\"https:\/\/rehab-u.com\/fr\/\",\"logo\":{\"@type\":\"ImageObject\",\"inLanguage\":\"fr-FR\",\"@id\":\"https:\/\/rehab-u.com\/fr\/#\/schema\/logo\/image\/\",\"url\":\"https:\/\/rehab-u.com\/wp-content\/uploads\/2019\/01\/Rehab-U_Favicon.png\",\"contentUrl\":\"https:\/\/rehab-u.com\/wp-content\/uploads\/2019\/01\/Rehab-U_Favicon.png\",\"width\":512,\"height\":512,\"caption\":\"Rehab-U | Movement & Performance Therapy\"},\"image\":{\"@id\":\"https:\/\/rehab-u.com\/fr\/#\/schema\/logo\/image\/\"},\"sameAs\":[\"https:\/\/fr-fr.facebook.com\/RehabUMovementPerformanceTherapy\/\",\"https:\/\/www.instagram.com\/mai_rehabu\/\"]}]}<\/script>\n<!-- \/ Yoast SEO plugin. -->","yoast_head_json":{"title":"Rehab-U | Programme r\u00e9\u00e9ducation du bas du dos","robots":{"index":"index","follow":"follow","max-snippet":"max-snippet:-1","max-image-preview":"max-image-preview:large","max-video-preview":"max-video-preview:-1"},"canonical":"https:\/\/rehab-u.com\/fr\/product\/programme-reeducation-du-bas-du-dos\/","og_locale":"fr_FR","og_type":"article","og_title":"Rehab-U | Programme r\u00e9\u00e9ducation du bas du dos","og_description":"Le programme r\u00e9\u00e9ducation du bas du dos\u00a0est con\u00e7u pour traiter les causes de douleur et de dysfonctionnement li\u00e9es au mouvement. L'approche de r\u00e9habilitation de la cha\u00eene cin\u00e9tique aborde \u00e9galement le mouvement des r\u00e9gions au-dessus et au-dessous. Le programme est divis\u00e9 en 3 phases: restauration du mouvement, accumulation et intensification, et dure 12 semaines.","og_url":"https:\/\/rehab-u.com\/fr\/product\/programme-reeducation-du-bas-du-dos\/","og_site_name":"Rehab-U","article_publisher":"https:\/\/fr-fr.facebook.com\/RehabUMovementPerformanceTherapy\/","article_modified_time":"2021-01-15T19:14:12+00:00","og_image":[{"width":1010,"height":1010,"url":"https:\/\/rehab-u.com\/wp-content\/uploads\/2019\/01\/rehab-low-back.png","type":"image\/png"}],"twitter_card":"summary_large_image","schema":{"@context":"https:\/\/schema.org","@graph":[{"@type":"WebPage","@id":"https:\/\/rehab-u.com\/fr\/product\/programme-reeducation-du-bas-du-dos\/","url":"https:\/\/rehab-u.com\/fr\/product\/programme-reeducation-du-bas-du-dos\/","name":"Rehab-U | Programme r\u00e9\u00e9ducation du bas du dos","isPartOf":{"@id":"https:\/\/rehab-u.com\/fr\/#website"},"primaryImageOfPage":{"@id":"https:\/\/rehab-u.com\/fr\/product\/programme-reeducation-du-bas-du-dos\/#primaryimage"},"image":{"@id":"https:\/\/rehab-u.com\/fr\/product\/programme-reeducation-du-bas-du-dos\/#primaryimage"},"thumbnailUrl":"https:\/\/rehab-u.com\/wp-content\/uploads\/2019\/01\/rehab-low-back.png","datePublished":"2019-01-23T05:55:20+00:00","dateModified":"2021-01-15T19:14:12+00:00","breadcrumb":{"@id":"https:\/\/rehab-u.com\/fr\/product\/programme-reeducation-du-bas-du-dos\/#breadcrumb"},"inLanguage":"fr-FR","potentialAction":[{"@type":"ReadAction","target":["https:\/\/rehab-u.com\/fr\/product\/programme-reeducation-du-bas-du-dos\/"]}]},{"@type":"ImageObject","inLanguage":"fr-FR","@id":"https:\/\/rehab-u.com\/fr\/product\/programme-reeducation-du-bas-du-dos\/#primaryimage","url":"https:\/\/rehab-u.com\/wp-content\/uploads\/2019\/01\/rehab-low-back.png","contentUrl":"https:\/\/rehab-u.com\/wp-content\/uploads\/2019\/01\/rehab-low-back.png","width":1010,"height":1010},{"@type":"BreadcrumbList","@id":"https:\/\/rehab-u.com\/fr\/product\/programme-reeducation-du-bas-du-dos\/#breadcrumb","itemListElement":[{"@type":"ListItem","position":1,"name":"Home","item":"https:\/\/rehab-u.com\/fr\/"},{"@type":"ListItem","position":2,"name":"Shop","item":"https:\/\/rehab-u.com\/shop\/"},{"@type":"ListItem","position":3,"name":"Programme r\u00e9\u00e9ducation du bas du dos"}]},{"@type":"WebSite","@id":"https:\/\/rehab-u.com\/fr\/#website","url":"https:\/\/rehab-u.com\/fr\/","name":"Rehab-U","description":"Movement &amp; Performance therapy","publisher":{"@id":"https:\/\/rehab-u.com\/fr\/#organization"},"potentialAction":[{"@type":"SearchAction","target":{"@type":"EntryPoint","urlTemplate":"https:\/\/rehab-u.com\/fr\/?s={search_term_string}"},"query-input":{"@type":"PropertyValueSpecification","valueRequired":true,"valueName":"search_term_string"}}],"inLanguage":"fr-FR"},{"@type":"Organization","@id":"https:\/\/rehab-u.com\/fr\/#organization","name":"Rehab-U | Movement & Performance Therapy","url":"https:\/\/rehab-u.com\/fr\/","logo":{"@type":"ImageObject","inLanguage":"fr-FR","@id":"https:\/\/rehab-u.com\/fr\/#\/schema\/logo\/image\/","url":"https:\/\/rehab-u.com\/wp-content\/uploads\/2019\/01\/Rehab-U_Favicon.png","contentUrl":"https:\/\/rehab-u.com\/wp-content\/uploads\/2019\/01\/Rehab-U_Favicon.png","width":512,"height":512,"caption":"Rehab-U | Movement & Performance Therapy"},"image":{"@id":"https:\/\/rehab-u.com\/fr\/#\/schema\/logo\/image\/"},"sameAs":["https:\/\/fr-fr.facebook.com\/RehabUMovementPerformanceTherapy\/","https:\/\/www.instagram.com\/mai_rehabu\/"]}]}},"_links":{"self":[{"href":"https:\/\/rehab-u.com\/fr\/wp-json\/wp\/v2\/product\/10951","targetHints":{"allow":["GET"]}}],"collection":[{"href":"https:\/\/rehab-u.com\/fr\/wp-json\/wp\/v2\/product"}],"about":[{"href":"https:\/\/rehab-u.com\/fr\/wp-json\/wp\/v2\/types\/product"}],"wp:featuredmedia":[{"embeddable":true,"href":"https:\/\/rehab-u.com\/fr\/wp-json\/wp\/v2\/media\/10702"}],"wp:attachment":[{"href":"https:\/\/rehab-u.com\/fr\/wp-json\/wp\/v2\/media?parent=10951"}],"wp:term":[{"taxonomy":"product_brand","embeddable":true,"href":"https:\/\/rehab-u.com\/fr\/wp-json\/wp\/v2\/product_brand?post=10951"},{"taxonomy":"product_cat","embeddable":true,"href":"https:\/\/rehab-u.com\/fr\/wp-json\/wp\/v2\/product_cat?post=10951"},{"taxonomy":"product_tag","embeddable":true,"href":"https:\/\/rehab-u.com\/fr\/wp-json\/wp\/v2\/product_tag?post=10951"},{"taxonomy":"course_language","embeddable":true,"href":"https:\/\/rehab-u.com\/fr\/wp-json\/wp\/v2\/course_language?post=10951"},{"taxonomy":"course_level","embeddable":true,"href":"https:\/\/rehab-u.com\/fr\/wp-json\/wp\/v2\/course_level?post=10951"},{"taxonomy":"course_country","embeddable":true,"href":"https:\/\/rehab-u.com\/fr\/wp-json\/wp\/v2\/course_country?post=10951"}],"curies":[{"name":"wp","href":"https:\/\/api.w.org\/{rel}","templated":true}]}}