{"id":10952,"date":"2019-01-23T00:54:57","date_gmt":"2019-01-23T05:54:57","guid":{"rendered":"https:\/\/rehab-u.com\/product\/shoulder-fix\/"},"modified":"2021-01-15T14:21:48","modified_gmt":"2021-01-15T19:21:48","slug":"programme-reeducation-de-lepaule","status":"publish","type":"product","link":"https:\/\/rehab-u.com\/fr\/product\/programme-reeducation-de-lepaule\/","title":{"rendered":"Programme r\u00e9\u00e9ducation de l&#8217;\u00e9paule"},"content":{"rendered":"<p>La dysfonction de l&#8217;\u00e9paule est courante dans l&#8217;entra\u00eenement, en particulier pour les mouvements au-dessus de la t\u00eate. Alors que le diagnostic structurel peut varier: tendinite, bursite, conflit sous-acromial, entorses, foulures, d\u00e9chirures, luxations, subluxations; le diagnostic fonctionnel est g\u00e9n\u00e9ralement assez similaire. Le diagnostic fonctionnel est la raison ou la cause de la douleur. En d&#8217;autres termes, la dysfonction ou la compensation qui a in\u00e9vitablement conduit \u00e0 la l\u00e9sion tissulaire, le diagnostic structurel. Mais l&#8217;inverse est \u00e9galement vrai. Le diagnostic fonctionnel peut \u00eatre la dysfonction ou la compensation qui survient de la protection et l\u2019appr\u00e9hension reli\u00e9es \u00e0 la blessure.<\/p>\n","protected":false},"excerpt":{"rendered":"<p>Le <strong>programme de r\u00e9\u00e9ducation de l&#8217;\u00e9paule<\/strong> est con\u00e7u pour r\u00e9tablir le mouvement scapulaire appropri\u00e9, ce qui est imp\u00e9ratif pour une fonction optimale de l&#8217;\u00e9paule. L&#8217;approche de r\u00e9adaptation de la cha\u00eene cin\u00e9tique aborde \u00e9galement le mouvement dans les r\u00e9gions au-dessus et en dessous de l\u2019\u00e9paule. Le programme est divis\u00e9 en 3 phases: r\u00e9tablissement du mouvement, accumulation et intensification, et dure 12 semaines.<\/p>\n","protected":false},"featured_media":10703,"template":"","meta":{"_acf_changed":false},"product_brand":[],"product_cat":[420],"product_tag":[],"course_language":[],"course_level":[],"course_country":[],"class_list":{"0":"post-10952","1":"product","2":"type-product","3":"status-publish","4":"has-post-thumbnail","6":"product_cat-programs","8":"first","9":"instock","10":"downloadable","11":"virtual","12":"taxable","13":"purchasable","14":"product-type-simple"},"acf":[],"yoast_head":"<!-- This site is optimized with the Yoast SEO plugin v24.6 - https:\/\/yoast.com\/wordpress\/plugins\/seo\/ -->\n<title>Rehab-U | Programme r\u00e9\u00e9ducation de l&#039;\u00e9paule<\/title>\n<meta name=\"robots\" content=\"index, follow, max-snippet:-1, max-image-preview:large, max-video-preview:-1\" \/>\n<link rel=\"canonical\" href=\"https:\/\/rehab-u.com\/fr\/product\/programme-reeducation-de-lepaule\/\" \/>\n<meta property=\"og:locale\" content=\"fr_FR\" \/>\n<meta property=\"og:type\" content=\"article\" \/>\n<meta property=\"og:title\" content=\"Rehab-U | Programme r\u00e9\u00e9ducation de l&#039;\u00e9paule\" \/>\n<meta property=\"og:description\" content=\"Le programme de r\u00e9\u00e9ducation de l&#039;\u00e9paule est con\u00e7u pour r\u00e9tablir le mouvement scapulaire appropri\u00e9, ce qui est imp\u00e9ratif pour une fonction optimale de l&#039;\u00e9paule. L&#039;approche de r\u00e9adaptation de la cha\u00eene cin\u00e9tique aborde \u00e9galement le mouvement dans les r\u00e9gions au-dessus et en dessous de l\u2019\u00e9paule. Le programme est divis\u00e9 en 3 phases: r\u00e9tablissement du mouvement, accumulation et intensification, et dure 12 semaines.\" \/>\n<meta property=\"og:url\" content=\"https:\/\/rehab-u.com\/fr\/product\/programme-reeducation-de-lepaule\/\" \/>\n<meta property=\"og:site_name\" content=\"Rehab-U\" \/>\n<meta property=\"article:publisher\" content=\"https:\/\/fr-fr.facebook.com\/RehabUMovementPerformanceTherapy\/\" \/>\n<meta property=\"article:modified_time\" content=\"2021-01-15T19:21:48+00:00\" \/>\n<meta property=\"og:image\" content=\"https:\/\/rehab-u.com\/wp-content\/uploads\/2019\/01\/rehab-shoulder.png\" \/>\n\t<meta property=\"og:image:width\" content=\"1010\" \/>\n\t<meta property=\"og:image:height\" content=\"1010\" \/>\n\t<meta property=\"og:image:type\" content=\"image\/png\" \/>\n<meta name=\"twitter:card\" content=\"summary_large_image\" \/>\n<meta name=\"twitter:label1\" content=\"Dur\u00e9e de lecture estim\u00e9e\" \/>\n\t<meta name=\"twitter:data1\" content=\"1 minute\" \/>\n<script type=\"application\/ld+json\" class=\"yoast-schema-graph\">{\"@context\":\"https:\/\/schema.org\",\"@graph\":[{\"@type\":\"WebPage\",\"@id\":\"https:\/\/rehab-u.com\/fr\/product\/programme-reeducation-de-lepaule\/\",\"url\":\"https:\/\/rehab-u.com\/fr\/product\/programme-reeducation-de-lepaule\/\",\"name\":\"Rehab-U | Programme r\u00e9\u00e9ducation de l'\u00e9paule\",\"isPartOf\":{\"@id\":\"https:\/\/rehab-u.com\/fr\/#website\"},\"primaryImageOfPage\":{\"@id\":\"https:\/\/rehab-u.com\/fr\/product\/programme-reeducation-de-lepaule\/#primaryimage\"},\"image\":{\"@id\":\"https:\/\/rehab-u.com\/fr\/product\/programme-reeducation-de-lepaule\/#primaryimage\"},\"thumbnailUrl\":\"https:\/\/rehab-u.com\/wp-content\/uploads\/2019\/01\/rehab-shoulder.png\",\"datePublished\":\"2019-01-23T05:54:57+00:00\",\"dateModified\":\"2021-01-15T19:21:48+00:00\",\"breadcrumb\":{\"@id\":\"https:\/\/rehab-u.com\/fr\/product\/programme-reeducation-de-lepaule\/#breadcrumb\"},\"inLanguage\":\"fr-FR\",\"potentialAction\":[{\"@type\":\"ReadAction\",\"target\":[\"https:\/\/rehab-u.com\/fr\/product\/programme-reeducation-de-lepaule\/\"]}]},{\"@type\":\"ImageObject\",\"inLanguage\":\"fr-FR\",\"@id\":\"https:\/\/rehab-u.com\/fr\/product\/programme-reeducation-de-lepaule\/#primaryimage\",\"url\":\"https:\/\/rehab-u.com\/wp-content\/uploads\/2019\/01\/rehab-shoulder.png\",\"contentUrl\":\"https:\/\/rehab-u.com\/wp-content\/uploads\/2019\/01\/rehab-shoulder.png\",\"width\":1010,\"height\":1010},{\"@type\":\"BreadcrumbList\",\"@id\":\"https:\/\/rehab-u.com\/fr\/product\/programme-reeducation-de-lepaule\/#breadcrumb\",\"itemListElement\":[{\"@type\":\"ListItem\",\"position\":1,\"name\":\"Home\",\"item\":\"https:\/\/rehab-u.com\/fr\/\"},{\"@type\":\"ListItem\",\"position\":2,\"name\":\"Shop\",\"item\":\"https:\/\/rehab-u.com\/shop\/\"},{\"@type\":\"ListItem\",\"position\":3,\"name\":\"Programme r\u00e9\u00e9ducation de l&#8217;\u00e9paule\"}]},{\"@type\":\"WebSite\",\"@id\":\"https:\/\/rehab-u.com\/fr\/#website\",\"url\":\"https:\/\/rehab-u.com\/fr\/\",\"name\":\"Rehab-U\",\"description\":\"Movement &amp; Performance therapy\",\"publisher\":{\"@id\":\"https:\/\/rehab-u.com\/fr\/#organization\"},\"potentialAction\":[{\"@type\":\"SearchAction\",\"target\":{\"@type\":\"EntryPoint\",\"urlTemplate\":\"https:\/\/rehab-u.com\/fr\/?s={search_term_string}\"},\"query-input\":{\"@type\":\"PropertyValueSpecification\",\"valueRequired\":true,\"valueName\":\"search_term_string\"}}],\"inLanguage\":\"fr-FR\"},{\"@type\":\"Organization\",\"@id\":\"https:\/\/rehab-u.com\/fr\/#organization\",\"name\":\"Rehab-U | Movement & Performance Therapy\",\"url\":\"https:\/\/rehab-u.com\/fr\/\",\"logo\":{\"@type\":\"ImageObject\",\"inLanguage\":\"fr-FR\",\"@id\":\"https:\/\/rehab-u.com\/fr\/#\/schema\/logo\/image\/\",\"url\":\"https:\/\/rehab-u.com\/wp-content\/uploads\/2019\/01\/Rehab-U_Favicon.png\",\"contentUrl\":\"https:\/\/rehab-u.com\/wp-content\/uploads\/2019\/01\/Rehab-U_Favicon.png\",\"width\":512,\"height\":512,\"caption\":\"Rehab-U | Movement & Performance Therapy\"},\"image\":{\"@id\":\"https:\/\/rehab-u.com\/fr\/#\/schema\/logo\/image\/\"},\"sameAs\":[\"https:\/\/fr-fr.facebook.com\/RehabUMovementPerformanceTherapy\/\",\"https:\/\/www.instagram.com\/mai_rehabu\/\"]}]}<\/script>\n<!-- \/ Yoast SEO plugin. -->","yoast_head_json":{"title":"Rehab-U | Programme r\u00e9\u00e9ducation de l'\u00e9paule","robots":{"index":"index","follow":"follow","max-snippet":"max-snippet:-1","max-image-preview":"max-image-preview:large","max-video-preview":"max-video-preview:-1"},"canonical":"https:\/\/rehab-u.com\/fr\/product\/programme-reeducation-de-lepaule\/","og_locale":"fr_FR","og_type":"article","og_title":"Rehab-U | Programme r\u00e9\u00e9ducation de l'\u00e9paule","og_description":"Le programme de r\u00e9\u00e9ducation de l'\u00e9paule est con\u00e7u pour r\u00e9tablir le mouvement scapulaire appropri\u00e9, ce qui est imp\u00e9ratif pour une fonction optimale de l'\u00e9paule. L'approche de r\u00e9adaptation de la cha\u00eene cin\u00e9tique aborde \u00e9galement le mouvement dans les r\u00e9gions au-dessus et en dessous de l\u2019\u00e9paule. Le programme est divis\u00e9 en 3 phases: r\u00e9tablissement du mouvement, accumulation et intensification, et dure 12 semaines.","og_url":"https:\/\/rehab-u.com\/fr\/product\/programme-reeducation-de-lepaule\/","og_site_name":"Rehab-U","article_publisher":"https:\/\/fr-fr.facebook.com\/RehabUMovementPerformanceTherapy\/","article_modified_time":"2021-01-15T19:21:48+00:00","og_image":[{"width":1010,"height":1010,"url":"https:\/\/rehab-u.com\/wp-content\/uploads\/2019\/01\/rehab-shoulder.png","type":"image\/png"}],"twitter_card":"summary_large_image","twitter_misc":{"Dur\u00e9e de lecture estim\u00e9e":"1 minute"},"schema":{"@context":"https:\/\/schema.org","@graph":[{"@type":"WebPage","@id":"https:\/\/rehab-u.com\/fr\/product\/programme-reeducation-de-lepaule\/","url":"https:\/\/rehab-u.com\/fr\/product\/programme-reeducation-de-lepaule\/","name":"Rehab-U | Programme r\u00e9\u00e9ducation de l'\u00e9paule","isPartOf":{"@id":"https:\/\/rehab-u.com\/fr\/#website"},"primaryImageOfPage":{"@id":"https:\/\/rehab-u.com\/fr\/product\/programme-reeducation-de-lepaule\/#primaryimage"},"image":{"@id":"https:\/\/rehab-u.com\/fr\/product\/programme-reeducation-de-lepaule\/#primaryimage"},"thumbnailUrl":"https:\/\/rehab-u.com\/wp-content\/uploads\/2019\/01\/rehab-shoulder.png","datePublished":"2019-01-23T05:54:57+00:00","dateModified":"2021-01-15T19:21:48+00:00","breadcrumb":{"@id":"https:\/\/rehab-u.com\/fr\/product\/programme-reeducation-de-lepaule\/#breadcrumb"},"inLanguage":"fr-FR","potentialAction":[{"@type":"ReadAction","target":["https:\/\/rehab-u.com\/fr\/product\/programme-reeducation-de-lepaule\/"]}]},{"@type":"ImageObject","inLanguage":"fr-FR","@id":"https:\/\/rehab-u.com\/fr\/product\/programme-reeducation-de-lepaule\/#primaryimage","url":"https:\/\/rehab-u.com\/wp-content\/uploads\/2019\/01\/rehab-shoulder.png","contentUrl":"https:\/\/rehab-u.com\/wp-content\/uploads\/2019\/01\/rehab-shoulder.png","width":1010,"height":1010},{"@type":"BreadcrumbList","@id":"https:\/\/rehab-u.com\/fr\/product\/programme-reeducation-de-lepaule\/#breadcrumb","itemListElement":[{"@type":"ListItem","position":1,"name":"Home","item":"https:\/\/rehab-u.com\/fr\/"},{"@type":"ListItem","position":2,"name":"Shop","item":"https:\/\/rehab-u.com\/shop\/"},{"@type":"ListItem","position":3,"name":"Programme r\u00e9\u00e9ducation de l&#8217;\u00e9paule"}]},{"@type":"WebSite","@id":"https:\/\/rehab-u.com\/fr\/#website","url":"https:\/\/rehab-u.com\/fr\/","name":"Rehab-U","description":"Movement &amp; Performance therapy","publisher":{"@id":"https:\/\/rehab-u.com\/fr\/#organization"},"potentialAction":[{"@type":"SearchAction","target":{"@type":"EntryPoint","urlTemplate":"https:\/\/rehab-u.com\/fr\/?s={search_term_string}"},"query-input":{"@type":"PropertyValueSpecification","valueRequired":true,"valueName":"search_term_string"}}],"inLanguage":"fr-FR"},{"@type":"Organization","@id":"https:\/\/rehab-u.com\/fr\/#organization","name":"Rehab-U | Movement & Performance Therapy","url":"https:\/\/rehab-u.com\/fr\/","logo":{"@type":"ImageObject","inLanguage":"fr-FR","@id":"https:\/\/rehab-u.com\/fr\/#\/schema\/logo\/image\/","url":"https:\/\/rehab-u.com\/wp-content\/uploads\/2019\/01\/Rehab-U_Favicon.png","contentUrl":"https:\/\/rehab-u.com\/wp-content\/uploads\/2019\/01\/Rehab-U_Favicon.png","width":512,"height":512,"caption":"Rehab-U | Movement & Performance Therapy"},"image":{"@id":"https:\/\/rehab-u.com\/fr\/#\/schema\/logo\/image\/"},"sameAs":["https:\/\/fr-fr.facebook.com\/RehabUMovementPerformanceTherapy\/","https:\/\/www.instagram.com\/mai_rehabu\/"]}]}},"_links":{"self":[{"href":"https:\/\/rehab-u.com\/fr\/wp-json\/wp\/v2\/product\/10952","targetHints":{"allow":["GET"]}}],"collection":[{"href":"https:\/\/rehab-u.com\/fr\/wp-json\/wp\/v2\/product"}],"about":[{"href":"https:\/\/rehab-u.com\/fr\/wp-json\/wp\/v2\/types\/product"}],"wp:featuredmedia":[{"embeddable":true,"href":"https:\/\/rehab-u.com\/fr\/wp-json\/wp\/v2\/media\/10703"}],"wp:attachment":[{"href":"https:\/\/rehab-u.com\/fr\/wp-json\/wp\/v2\/media?parent=10952"}],"wp:term":[{"taxonomy":"product_brand","embeddable":true,"href":"https:\/\/rehab-u.com\/fr\/wp-json\/wp\/v2\/product_brand?post=10952"},{"taxonomy":"product_cat","embeddable":true,"href":"https:\/\/rehab-u.com\/fr\/wp-json\/wp\/v2\/product_cat?post=10952"},{"taxonomy":"product_tag","embeddable":true,"href":"https:\/\/rehab-u.com\/fr\/wp-json\/wp\/v2\/product_tag?post=10952"},{"taxonomy":"course_language","embeddable":true,"href":"https:\/\/rehab-u.com\/fr\/wp-json\/wp\/v2\/course_language?post=10952"},{"taxonomy":"course_level","embeddable":true,"href":"https:\/\/rehab-u.com\/fr\/wp-json\/wp\/v2\/course_level?post=10952"},{"taxonomy":"course_country","embeddable":true,"href":"https:\/\/rehab-u.com\/fr\/wp-json\/wp\/v2\/course_country?post=10952"}],"curies":[{"name":"wp","href":"https:\/\/api.w.org\/{rel}","templated":true}]}}