{"id":23909,"date":"2021-09-17T14:39:50","date_gmt":"2022-02-08T19:39:51","guid":{"rendered":"https:\/\/rehab-u.com\/?post_type=product&#038;p=23909"},"modified":"2022-09-14T02:23:25","modified_gmt":"2022-09-14T06:23:25","slug":"septembre-17-18-2022-lille-france","status":"publish","type":"product","link":"https:\/\/rehab-u.com\/fr\/product\/septembre-17-18-2022-lille-france\/","title":{"rendered":"Septembre 17-18, 2022 &#8211; LILLE, FRANCE"},"content":{"rendered":"<p>FWA CROSSFIT<br \/>\n81 Rue du Pr\u00e9 Catelan, 59110 La Madeleine, France<\/p>\n<p>Heures: SAM et DIM 09:00 \u00e0 17:00<\/p>\n","protected":false},"excerpt":{"rendered":"<p>L\u2019optimisation du mouvement pour la pr\u00e9hab et la performance est un cours de deux jours, offert aux entra\u00eeneurs et aux professionnels de la sant\u00e9 souhaitan d\u00e9velopper une approche en entra\u00eenement fonctionnel bas\u00e9e sur des strat\u00e9gies cliniques et ax\u00e9e sur la pr\u00e9vention des blessures et la performance. Ce cours vous fournira des principes pour \u00e9valuer et identifier de fa\u00e7on efficace les dysfonctions des complexes de l\u2019\u00e9paule et de la hanche, ainsi que des strat\u00e9gies, des moyens et des m\u00e9thodes pour construire votre intervention sur la base de votre analyse.<\/p>\n","protected":false},"featured_media":0,"template":"","meta":{"_acf_changed":false},"product_brand":[],"product_cat":[397,399],"product_tag":[409,410,412,413,414],"course_language":[416],"course_level":[417],"course_country":[562],"class_list":{"0":"post-23909","1":"product","2":"type-product","3":"status-publish","5":"product_cat-formation-fr","6":"product_cat-level-1-fr","7":"product_tag-formation-fr","8":"product_tag-entraineur-fr","9":"product_tag-formation-continu-fr","10":"product_tag-prevention-des-blessures-fr","11":"product_tag-rehab-fr","12":"course_language-french-fr","13":"course_level-1-fr","14":"course_country-france","16":"first","17":"instock","18":"virtual","19":"taxable","20":"purchasable","21":"product-type-simple"},"acf":[],"yoast_head":"<!-- This site is optimized with the Yoast SEO plugin v24.6 - https:\/\/yoast.com\/wordpress\/plugins\/seo\/ -->\n<title>Formation Optimisation du Mouvement | Septembre 17-18, 2022 - LILLE, FRANCE<\/title>\n<meta name=\"description\" content=\"L\u2019optimisation du mouvement est un cours offert aux entra\u00eeneurs souhaitant d\u00e9velopper une approche ax\u00e9e sur la pr\u00e9vention des blessures et la performance.\" \/>\n<meta name=\"robots\" content=\"index, follow, max-snippet:-1, max-image-preview:large, max-video-preview:-1\" \/>\n<link rel=\"canonical\" href=\"https:\/\/rehab-u.com\/fr\/product\/septembre-17-18-2022-lille-france\/\" \/>\n<meta property=\"og:locale\" content=\"fr_FR\" \/>\n<meta property=\"og:type\" content=\"article\" \/>\n<meta property=\"og:title\" content=\"Formation Optimisation du Mouvement | Septembre 17-18, 2022 - LILLE, FRANCE\" \/>\n<meta property=\"og:description\" content=\"L\u2019optimisation du mouvement est un cours offert aux entra\u00eeneurs souhaitant d\u00e9velopper une approche ax\u00e9e sur la pr\u00e9vention des blessures et la performance.\" \/>\n<meta property=\"og:url\" content=\"https:\/\/rehab-u.com\/fr\/product\/septembre-17-18-2022-lille-france\/\" \/>\n<meta property=\"og:site_name\" content=\"Rehab-U\" \/>\n<meta property=\"article:publisher\" content=\"https:\/\/fr-fr.facebook.com\/RehabUMovementPerformanceTherapy\/\" \/>\n<meta property=\"article:modified_time\" content=\"2022-09-14T06:23:25+00:00\" \/>\n<meta name=\"twitter:card\" content=\"summary_large_image\" \/>\n<meta name=\"twitter:label1\" content=\"Dur\u00e9e de lecture estim\u00e9e\" \/>\n\t<meta name=\"twitter:data1\" content=\"1 minute\" \/>\n<script type=\"application\/ld+json\" class=\"yoast-schema-graph\">{\"@context\":\"https:\/\/schema.org\",\"@graph\":[{\"@type\":\"WebPage\",\"@id\":\"https:\/\/rehab-u.com\/fr\/product\/septembre-17-18-2022-lille-france\/\",\"url\":\"https:\/\/rehab-u.com\/fr\/product\/septembre-17-18-2022-lille-france\/\",\"name\":\"Formation Optimisation du Mouvement | Septembre 17-18, 2022 - LILLE, FRANCE\",\"isPartOf\":{\"@id\":\"https:\/\/rehab-u.com\/fr\/#website\"},\"datePublished\":\"2022-02-08T19:39:51+00:00\",\"dateModified\":\"2022-09-14T06:23:25+00:00\",\"description\":\"L\u2019optimisation du mouvement est un cours offert aux entra\u00eeneurs souhaitant d\u00e9velopper une approche ax\u00e9e sur la pr\u00e9vention des blessures et la performance.\",\"breadcrumb\":{\"@id\":\"https:\/\/rehab-u.com\/fr\/product\/septembre-17-18-2022-lille-france\/#breadcrumb\"},\"inLanguage\":\"fr-FR\",\"potentialAction\":[{\"@type\":\"ReadAction\",\"target\":[\"https:\/\/rehab-u.com\/fr\/product\/septembre-17-18-2022-lille-france\/\"]}]},{\"@type\":\"BreadcrumbList\",\"@id\":\"https:\/\/rehab-u.com\/fr\/product\/septembre-17-18-2022-lille-france\/#breadcrumb\",\"itemListElement\":[{\"@type\":\"ListItem\",\"position\":1,\"name\":\"Home\",\"item\":\"https:\/\/rehab-u.com\/fr\/\"},{\"@type\":\"ListItem\",\"position\":2,\"name\":\"Shop\",\"item\":\"https:\/\/rehab-u.com\/shop\/\"},{\"@type\":\"ListItem\",\"position\":3,\"name\":\"Septembre 17-18, 2022 &#8211; LILLE, FRANCE\"}]},{\"@type\":\"WebSite\",\"@id\":\"https:\/\/rehab-u.com\/fr\/#website\",\"url\":\"https:\/\/rehab-u.com\/fr\/\",\"name\":\"Rehab-U\",\"description\":\"Movement &amp; Performance therapy\",\"publisher\":{\"@id\":\"https:\/\/rehab-u.com\/fr\/#organization\"},\"potentialAction\":[{\"@type\":\"SearchAction\",\"target\":{\"@type\":\"EntryPoint\",\"urlTemplate\":\"https:\/\/rehab-u.com\/fr\/?s={search_term_string}\"},\"query-input\":{\"@type\":\"PropertyValueSpecification\",\"valueRequired\":true,\"valueName\":\"search_term_string\"}}],\"inLanguage\":\"fr-FR\"},{\"@type\":\"Organization\",\"@id\":\"https:\/\/rehab-u.com\/fr\/#organization\",\"name\":\"Rehab-U | Movement & Performance Therapy\",\"url\":\"https:\/\/rehab-u.com\/fr\/\",\"logo\":{\"@type\":\"ImageObject\",\"inLanguage\":\"fr-FR\",\"@id\":\"https:\/\/rehab-u.com\/fr\/#\/schema\/logo\/image\/\",\"url\":\"https:\/\/rehab-u.com\/wp-content\/uploads\/2019\/01\/Rehab-U_Favicon.png\",\"contentUrl\":\"https:\/\/rehab-u.com\/wp-content\/uploads\/2019\/01\/Rehab-U_Favicon.png\",\"width\":512,\"height\":512,\"caption\":\"Rehab-U | Movement & Performance Therapy\"},\"image\":{\"@id\":\"https:\/\/rehab-u.com\/fr\/#\/schema\/logo\/image\/\"},\"sameAs\":[\"https:\/\/fr-fr.facebook.com\/RehabUMovementPerformanceTherapy\/\",\"https:\/\/www.instagram.com\/mai_rehabu\/\"]}]}<\/script>\n<!-- \/ Yoast SEO plugin. -->","yoast_head_json":{"title":"Formation Optimisation du Mouvement | Septembre 17-18, 2022 - LILLE, FRANCE","description":"L\u2019optimisation du mouvement est un cours offert aux entra\u00eeneurs souhaitant d\u00e9velopper une approche ax\u00e9e sur la pr\u00e9vention des blessures et la performance.","robots":{"index":"index","follow":"follow","max-snippet":"max-snippet:-1","max-image-preview":"max-image-preview:large","max-video-preview":"max-video-preview:-1"},"canonical":"https:\/\/rehab-u.com\/fr\/product\/septembre-17-18-2022-lille-france\/","og_locale":"fr_FR","og_type":"article","og_title":"Formation Optimisation du Mouvement | Septembre 17-18, 2022 - LILLE, FRANCE","og_description":"L\u2019optimisation du mouvement est un cours offert aux entra\u00eeneurs souhaitant d\u00e9velopper une approche ax\u00e9e sur la pr\u00e9vention des blessures et la performance.","og_url":"https:\/\/rehab-u.com\/fr\/product\/septembre-17-18-2022-lille-france\/","og_site_name":"Rehab-U","article_publisher":"https:\/\/fr-fr.facebook.com\/RehabUMovementPerformanceTherapy\/","article_modified_time":"2022-09-14T06:23:25+00:00","twitter_card":"summary_large_image","twitter_misc":{"Dur\u00e9e de lecture estim\u00e9e":"1 minute"},"schema":{"@context":"https:\/\/schema.org","@graph":[{"@type":"WebPage","@id":"https:\/\/rehab-u.com\/fr\/product\/septembre-17-18-2022-lille-france\/","url":"https:\/\/rehab-u.com\/fr\/product\/septembre-17-18-2022-lille-france\/","name":"Formation Optimisation du Mouvement | Septembre 17-18, 2022 - LILLE, FRANCE","isPartOf":{"@id":"https:\/\/rehab-u.com\/fr\/#website"},"datePublished":"2022-02-08T19:39:51+00:00","dateModified":"2022-09-14T06:23:25+00:00","description":"L\u2019optimisation du mouvement est un cours offert aux entra\u00eeneurs souhaitant d\u00e9velopper une approche ax\u00e9e sur la pr\u00e9vention des blessures et la performance.","breadcrumb":{"@id":"https:\/\/rehab-u.com\/fr\/product\/septembre-17-18-2022-lille-france\/#breadcrumb"},"inLanguage":"fr-FR","potentialAction":[{"@type":"ReadAction","target":["https:\/\/rehab-u.com\/fr\/product\/septembre-17-18-2022-lille-france\/"]}]},{"@type":"BreadcrumbList","@id":"https:\/\/rehab-u.com\/fr\/product\/septembre-17-18-2022-lille-france\/#breadcrumb","itemListElement":[{"@type":"ListItem","position":1,"name":"Home","item":"https:\/\/rehab-u.com\/fr\/"},{"@type":"ListItem","position":2,"name":"Shop","item":"https:\/\/rehab-u.com\/shop\/"},{"@type":"ListItem","position":3,"name":"Septembre 17-18, 2022 &#8211; LILLE, FRANCE"}]},{"@type":"WebSite","@id":"https:\/\/rehab-u.com\/fr\/#website","url":"https:\/\/rehab-u.com\/fr\/","name":"Rehab-U","description":"Movement &amp; Performance therapy","publisher":{"@id":"https:\/\/rehab-u.com\/fr\/#organization"},"potentialAction":[{"@type":"SearchAction","target":{"@type":"EntryPoint","urlTemplate":"https:\/\/rehab-u.com\/fr\/?s={search_term_string}"},"query-input":{"@type":"PropertyValueSpecification","valueRequired":true,"valueName":"search_term_string"}}],"inLanguage":"fr-FR"},{"@type":"Organization","@id":"https:\/\/rehab-u.com\/fr\/#organization","name":"Rehab-U | Movement & Performance Therapy","url":"https:\/\/rehab-u.com\/fr\/","logo":{"@type":"ImageObject","inLanguage":"fr-FR","@id":"https:\/\/rehab-u.com\/fr\/#\/schema\/logo\/image\/","url":"https:\/\/rehab-u.com\/wp-content\/uploads\/2019\/01\/Rehab-U_Favicon.png","contentUrl":"https:\/\/rehab-u.com\/wp-content\/uploads\/2019\/01\/Rehab-U_Favicon.png","width":512,"height":512,"caption":"Rehab-U | Movement & Performance Therapy"},"image":{"@id":"https:\/\/rehab-u.com\/fr\/#\/schema\/logo\/image\/"},"sameAs":["https:\/\/fr-fr.facebook.com\/RehabUMovementPerformanceTherapy\/","https:\/\/www.instagram.com\/mai_rehabu\/"]}]}},"_links":{"self":[{"href":"https:\/\/rehab-u.com\/fr\/wp-json\/wp\/v2\/product\/23909","targetHints":{"allow":["GET"]}}],"collection":[{"href":"https:\/\/rehab-u.com\/fr\/wp-json\/wp\/v2\/product"}],"about":[{"href":"https:\/\/rehab-u.com\/fr\/wp-json\/wp\/v2\/types\/product"}],"wp:attachment":[{"href":"https:\/\/rehab-u.com\/fr\/wp-json\/wp\/v2\/media?parent=23909"}],"wp:term":[{"taxonomy":"product_brand","embeddable":true,"href":"https:\/\/rehab-u.com\/fr\/wp-json\/wp\/v2\/product_brand?post=23909"},{"taxonomy":"product_cat","embeddable":true,"href":"https:\/\/rehab-u.com\/fr\/wp-json\/wp\/v2\/product_cat?post=23909"},{"taxonomy":"product_tag","embeddable":true,"href":"https:\/\/rehab-u.com\/fr\/wp-json\/wp\/v2\/product_tag?post=23909"},{"taxonomy":"course_language","embeddable":true,"href":"https:\/\/rehab-u.com\/fr\/wp-json\/wp\/v2\/course_language?post=23909"},{"taxonomy":"course_level","embeddable":true,"href":"https:\/\/rehab-u.com\/fr\/wp-json\/wp\/v2\/course_level?post=23909"},{"taxonomy":"course_country","embeddable":true,"href":"https:\/\/rehab-u.com\/fr\/wp-json\/wp\/v2\/course_country?post=23909"}],"curies":[{"name":"wp","href":"https:\/\/api.w.org\/{rel}","templated":true}]}}